{"id":376,"date":"2025-05-13T07:49:09","date_gmt":"2025-05-13T07:49:09","guid":{"rendered":"http:\/\/www.teatterineliapila.fi\/?page_id=376"},"modified":"2026-02-28T16:32:46","modified_gmt":"2026-02-28T16:32:46","slug":"kolmiapila","status":"publish","type":"page","link":"https:\/\/www.teatterineliapila.fi\/index.php\/kolmiapila\/","title":{"rendered":"Kolmiapila"},"content":{"rendered":"\n<h2 class=\"wp-block-heading\">Kolmiapila<\/h2>\n\n\n\n<div class=\"wp-block-columns is-layout-flex wp-container-core-columns-is-layout-28f84493 wp-block-columns-is-layout-flex\">\n<div class=\"wp-block-column is-vertically-aligned-center is-layout-flow wp-block-column-is-layout-flow\">\n<p><em>Kolmiapila on teatteri Neliapilan pienryhm\u00e4, joka on perustettu vuonna 2017.<\/em><\/p>\n\n\n\n<p>Pienryhm\u00e4 esitt\u00e4\u00e4 n\u00e4ytelm\u00e4\u00e4 Porinoita Pirtist\u00e4, joka perustuu k\u00e4sikirjoittajan, Eeva Koskelan, 104-vuotiaan \u00e4idin muistelmiin. Muistelmat sijoittuvat 1950-luvun lopulle ja 1960-luvun alkuun. Esitys on her\u00e4tt\u00e4nyt katsojissa muistoja ja keskusteluja menneilt\u00e4 ajoilta. T\u00e4ss\u00e4 on mahtava tilaisuus saada teatteria sinne, miss\u00e4 kenties sit\u00e4 ei muutoin n\u00e4e.<\/p>\n\n\n\n<p><strong>Esityksen kesto on n. 30 min. Hinta 200 \u20ac.<\/strong><\/p>\n\n\n\n<p>Kolmiapiloita voi tilata esiintym\u00e4\u00e4n ik\u00e4ihmisten hoivakoteihin, p\u00e4iv\u00e4toimintaan, asukastupiin, yhdistyksille, erilaisiin tapahtumiin. Jos kiinnostuit, ota yhteytt\u00e4&nbsp;<a href=\"mailto:teatterineliapila@gmail.com\" target=\"_blank\" rel=\"noreferrer noopener\">teatterineliapila@gmail.com<\/a> <\/p>\n\n\n\n<p>Sopii my\u00f6s nuoremmille, jotka ovat kiinnostuneita historiasta.<\/p>\n<\/div>\n\n\n\n<div class=\"wp-block-column is-layout-flow wp-block-column-is-layout-flow\" style=\"flex-basis:500px\">\n<figure class=\"wp-block-image size-full\"><img loading=\"lazy\" decoding=\"async\" width=\"1024\" height=\"791\" src=\"http:\/\/www.teatterineliapila.fi\/wp-content\/uploads\/2025\/05\/Porinoita-Pirtissa-mainos.png\" alt=\"\" class=\"wp-image-899\" srcset=\"https:\/\/www.teatterineliapila.fi\/wp-content\/uploads\/2025\/05\/Porinoita-Pirtissa-mainos.png 1024w, https:\/\/www.teatterineliapila.fi\/wp-content\/uploads\/2025\/05\/Porinoita-Pirtissa-mainos-300x232.png 300w, https:\/\/www.teatterineliapila.fi\/wp-content\/uploads\/2025\/05\/Porinoita-Pirtissa-mainos-768x593.png 768w\" sizes=\"auto, (max-width: 1024px) 100vw, 1024px\" \/><\/figure>\n<\/div>\n<\/div>\n\n\n\n<div class=\"wp-block-columns is-layout-flex wp-container-core-columns-is-layout-28f84493 wp-block-columns-is-layout-flex\">\n<div class=\"wp-block-column is-layout-flow wp-block-column-is-layout-flow\" style=\"flex-basis:100%\">\n<div class=\"wp-block-group is-layout-grid wp-container-core-group-is-layout-478b6e6b wp-block-group-is-layout-grid\"><\/div>\n<\/div>\n<\/div>\n\n\n\n<div class=\"wp-block-columns is-layout-flex wp-container-core-columns-is-layout-28f84493 wp-block-columns-is-layout-flex\">\n<div class=\"wp-block-column is-layout-flow wp-block-column-is-layout-flow\">\n<figure class=\"wp-block-image size-large\"><img loading=\"lazy\" decoding=\"async\" width=\"1024\" height=\"672\" src=\"https:\/\/www.teatterineliapila.fi\/wp-content\/uploads\/2025\/12\/WhatsApp-Image-2025-12-02-at-15.05.11-1-1024x672.jpeg\" alt=\"\" class=\"wp-image-1058\" srcset=\"https:\/\/www.teatterineliapila.fi\/wp-content\/uploads\/2025\/12\/WhatsApp-Image-2025-12-02-at-15.05.11-1-1024x672.jpeg 1024w, https:\/\/www.teatterineliapila.fi\/wp-content\/uploads\/2025\/12\/WhatsApp-Image-2025-12-02-at-15.05.11-1-300x197.jpeg 300w, https:\/\/www.teatterineliapila.fi\/wp-content\/uploads\/2025\/12\/WhatsApp-Image-2025-12-02-at-15.05.11-1-768x504.jpeg 768w, https:\/\/www.teatterineliapila.fi\/wp-content\/uploads\/2025\/12\/WhatsApp-Image-2025-12-02-at-15.05.11-1.jpeg 1119w\" sizes=\"auto, (max-width: 1024px) 100vw, 1024px\" \/><\/figure>\n\n\n\n<figure class=\"wp-block-image aligncenter size-large\"><img loading=\"lazy\" decoding=\"async\" width=\"1024\" height=\"669\" src=\"https:\/\/www.teatterineliapila.fi\/wp-content\/uploads\/2025\/12\/WwwhatsApp-Image-2025-12-02-at-15.05.11-1-1024x669.jpeg\" alt=\"\" class=\"wp-image-1059\" srcset=\"https:\/\/www.teatterineliapila.fi\/wp-content\/uploads\/2025\/12\/WwwhatsApp-Image-2025-12-02-at-15.05.11-1-1024x669.jpeg 1024w, https:\/\/www.teatterineliapila.fi\/wp-content\/uploads\/2025\/12\/WwwhatsApp-Image-2025-12-02-at-15.05.11-1-300x196.jpeg 300w, https:\/\/www.teatterineliapila.fi\/wp-content\/uploads\/2025\/12\/WwwhatsApp-Image-2025-12-02-at-15.05.11-1-768x502.jpeg 768w, https:\/\/www.teatterineliapila.fi\/wp-content\/uploads\/2025\/12\/WwwhatsApp-Image-2025-12-02-at-15.05.11-1.jpeg 1179w\" sizes=\"auto, (max-width: 1024px) 100vw, 1024px\" \/><\/figure>\n\n\n\n<p>Kuvat 1-3: Mariella.<\/p>\n<\/div>\n\n\n\n<div class=\"wp-block-column is-layout-flow wp-block-column-is-layout-flow\">\n<figure class=\"wp-block-image size-large\"><img loading=\"lazy\" decoding=\"async\" width=\"1024\" height=\"664\" src=\"https:\/\/www.teatterineliapila.fi\/wp-content\/uploads\/2025\/12\/WhatsApp-Image-2025-12-02-at-15.05.1111-1-1024x664.jpeg\" alt=\"\" class=\"wp-image-1060\" srcset=\"https:\/\/www.teatterineliapila.fi\/wp-content\/uploads\/2025\/12\/WhatsApp-Image-2025-12-02-at-15.05.1111-1-1024x664.jpeg 1024w, https:\/\/www.teatterineliapila.fi\/wp-content\/uploads\/2025\/12\/WhatsApp-Image-2025-12-02-at-15.05.1111-1-300x194.jpeg 300w, https:\/\/www.teatterineliapila.fi\/wp-content\/uploads\/2025\/12\/WhatsApp-Image-2025-12-02-at-15.05.1111-1-768x498.jpeg 768w, https:\/\/www.teatterineliapila.fi\/wp-content\/uploads\/2025\/12\/WhatsApp-Image-2025-12-02-at-15.05.1111-1.jpeg 1179w\" sizes=\"auto, (max-width: 1024px) 100vw, 1024px\" \/><\/figure>\n\n\n\n<figure class=\"wp-block-image size-large is-resized\"><img loading=\"lazy\" decoding=\"async\" width=\"942\" height=\"1256\" src=\"https:\/\/www.teatterineliapila.fi\/wp-content\/uploads\/2026\/02\/8199db6a-e6de-48e0-9f81-a6fc8fa555a8-edited.jpg\" alt=\"\" class=\"wp-image-1105\" style=\"aspect-ratio:0.7500049621881265;width:296px;height:auto\" srcset=\"https:\/\/www.teatterineliapila.fi\/wp-content\/uploads\/2026\/02\/8199db6a-e6de-48e0-9f81-a6fc8fa555a8-edited.jpg 942w, https:\/\/www.teatterineliapila.fi\/wp-content\/uploads\/2026\/02\/8199db6a-e6de-48e0-9f81-a6fc8fa555a8-edited-225x300.jpg 225w, https:\/\/www.teatterineliapila.fi\/wp-content\/uploads\/2026\/02\/8199db6a-e6de-48e0-9f81-a6fc8fa555a8-edited-768x1024.jpg 768w\" sizes=\"auto, (max-width: 942px) 100vw, 942px\" \/><\/figure>\n\n\n\n<p>4. kuvassa Alma, Topi ja naapurin Esteri maalikylill\u00e4 pyh\u00e4kamppeissaan ihmettelem\u00e4ss\u00e4 vesiklosettia, komeita ruusukuppeja ja niin hyv\u00e4\u00e4 ruokaa. Kuvaaja Kati Kastelli.<\/p>\n<\/div>\n<\/div>\n","protected":false},"excerpt":{"rendered":"<p>Kolmiapila Kolmiapila on teatteri Neliapilan pienryhm\u00e4, joka on perustettu vuonna 2017. Pienryhm\u00e4 esitt\u00e4\u00e4 n\u00e4ytelm\u00e4\u00e4 Porinoita Pirtist\u00e4, joka perustuu k\u00e4sikirjoittajan, Eeva Koskelan, 104-vuotiaan \u00e4idin muistelmiin. Muistelmat sijoittuvat 1950-luvun lopulle ja 1960-luvun alkuun. Esitys on her\u00e4tt\u00e4nyt katsojissa muistoja ja keskusteluja menneilt\u00e4 ajoilta. T\u00e4ss\u00e4 on mahtava tilaisuus saada teatteria sinne, miss\u00e4 kenties sit\u00e4 ei muutoin n\u00e4e. Esityksen kesto [&hellip;]<\/p>\n","protected":false},"author":1,"featured_media":0,"parent":0,"menu_order":0,"comment_status":"closed","ping_status":"closed","template":"","meta":{"footnotes":""},"class_list":["post-376","page","type-page","status-publish","hentry"],"_links":{"self":[{"href":"https:\/\/www.teatterineliapila.fi\/index.php\/wp-json\/wp\/v2\/pages\/376","targetHints":{"allow":["GET"]}}],"collection":[{"href":"https:\/\/www.teatterineliapila.fi\/index.php\/wp-json\/wp\/v2\/pages"}],"about":[{"href":"https:\/\/www.teatterineliapila.fi\/index.php\/wp-json\/wp\/v2\/types\/page"}],"author":[{"embeddable":true,"href":"https:\/\/www.teatterineliapila.fi\/index.php\/wp-json\/wp\/v2\/users\/1"}],"replies":[{"embeddable":true,"href":"https:\/\/www.teatterineliapila.fi\/index.php\/wp-json\/wp\/v2\/comments?post=376"}],"version-history":[{"count":18,"href":"https:\/\/www.teatterineliapila.fi\/index.php\/wp-json\/wp\/v2\/pages\/376\/revisions"}],"predecessor-version":[{"id":1108,"href":"https:\/\/www.teatterineliapila.fi\/index.php\/wp-json\/wp\/v2\/pages\/376\/revisions\/1108"}],"wp:attachment":[{"href":"https:\/\/www.teatterineliapila.fi\/index.php\/wp-json\/wp\/v2\/media?parent=376"}],"curies":[{"name":"wp","href":"https:\/\/api.w.org\/{rel}","templated":true}]}}