{"id":1046,"date":"2025-12-08T12:56:29","date_gmt":"2025-12-08T12:56:29","guid":{"rendered":"https:\/\/www.teatterineliapila.fi\/?page_id=1046"},"modified":"2025-12-08T12:56:29","modified_gmt":"2025-12-08T12:56:29","slug":"arvot","status":"publish","type":"page","link":"https:\/\/www.teatterineliapila.fi\/index.php\/arvot\/","title":{"rendered":"Arvot"},"content":{"rendered":"\n<h2 class=\"wp-block-heading\">Arvot<\/h2>\n\n\n\n<p>Teatteri Neliapilassa teemme laadukasta kes\u00e4teatteria iloisella asenteella ja jo yli 30 vuoden kokemuksella. Asetamme tavoitteet korkealle, rohkaisemme, inspiroimme ja luomme uusia tapoja toimia. Toimintaamme ohjaavat seuraavat arvot:<\/p>\n\n\n\n<p><strong>Yhteis\u00f6llisyys, vastuullisuus ja kunnioitus<br><\/strong>Toimimme yhteis\u00f6n\u00e4 jokainen yhteisen p\u00e4\u00e4m\u00e4\u00e4r\u00e4n hyv\u00e4ksi arvojamme kunnioittaen. Noudatamme yhteisi\u00e4 sopimuksiamme ja aikataulujamme. N\u00e4ytelm\u00e4harjoituksissa ja esityskaudella noudatamme ohjaajan kanssa tehtyj\u00e4 sopimuksia. Arvostamme omaa ja toisten toimintaa. Puhumme toisistamme ja toiminnastamme hyv\u00e4\u00e4.<\/p>\n\n\n\n<p><strong>Oikeudenmukaisuus, yhdenvertaisuus, empatia ja inhimillisyys<br><\/strong>Olemme kaikki yhdenvertaisia ja kohtelemme toisiamme tasapuolisesti. Hyv\u00e4ksymme monimuotoisuuden. Ehk\u00e4isemme syrjint\u00e4\u00e4 ja suosimista. Autamme, tuemme ja osoitamme my\u00f6t\u00e4tuntoa toisiamme kohtaan. Pyrimme luomaan kaikille saavutettavan ja esteett\u00f6m\u00e4n ymp\u00e4rist\u00f6n.<\/p>\n\n\n\n<p><strong>Avoimuus, rehellisyys ja rohkeus<br><\/strong>Olemme avoimia p\u00e4\u00e4t\u00f6ksenteossa ja viestinn\u00e4ss\u00e4. Huolehdimme, ett\u00e4 jokainen tiet\u00e4\u00e4 toimintamme periaatteet, tavoitteet ja arvot. Pyrimme tiedottamisessa ymm\u00e4rrett\u00e4vyyteen ja saavutettavuuteen. Rakennamme jokainen turvallista ja luottamuksellista ilmapiiri\u00e4. Pysymme totuudessa. Uskallamme kokeilla, mokata ja oppia uutta. Tuomme avoimesti esiin my\u00f6s toiminnassa havaitsemamme ep\u00e4kohdat. Tunnustamme mahdolliset virheemme, korjaamme ne ja opimme niist\u00e4.<\/p>\n\n\n\n<p><strong>Kest\u00e4vyys<\/strong><br>Kunnioitamme toiminnassamme ymp\u00e4rist\u00f6\u00e4 ja luontoa. Pyrimme toiminnassamme tekem\u00e4\u00e4n sek\u00e4 ekologisesti ett\u00e4 ekonomisesti hyvi\u00e4 valintoja.<\/p>\n\n\n\n<p><strong>Ilo ja nautinto<br><\/strong>Iloitsemme ja nautimme yhdess\u00e4 luovasta harrastuksesta. Ilo ja my\u00f6nteinen ilmapiiri edist\u00e4v\u00e4t yhteis\u00f6llisyytt\u00e4 ja motivoivat meit\u00e4 parhaaseen.<\/p>\n","protected":false},"excerpt":{"rendered":"<p>Arvot Teatteri Neliapilassa teemme laadukasta kes\u00e4teatteria iloisella asenteella ja jo yli 30 vuoden kokemuksella. Asetamme tavoitteet korkealle, rohkaisemme, inspiroimme ja luomme uusia tapoja toimia. Toimintaamme ohjaavat seuraavat arvot: Yhteis\u00f6llisyys, vastuullisuus ja kunnioitusToimimme yhteis\u00f6n\u00e4 jokainen yhteisen p\u00e4\u00e4m\u00e4\u00e4r\u00e4n hyv\u00e4ksi arvojamme kunnioittaen. Noudatamme yhteisi\u00e4 sopimuksiamme ja aikataulujamme. N\u00e4ytelm\u00e4harjoituksissa ja esityskaudella noudatamme ohjaajan kanssa tehtyj\u00e4 sopimuksia. Arvostamme omaa ja [&hellip;]<\/p>\n","protected":false},"author":1,"featured_media":0,"parent":0,"menu_order":0,"comment_status":"closed","ping_status":"closed","template":"","meta":{"footnotes":""},"class_list":["post-1046","page","type-page","status-publish","hentry"],"_links":{"self":[{"href":"https:\/\/www.teatterineliapila.fi\/index.php\/wp-json\/wp\/v2\/pages\/1046","targetHints":{"allow":["GET"]}}],"collection":[{"href":"https:\/\/www.teatterineliapila.fi\/index.php\/wp-json\/wp\/v2\/pages"}],"about":[{"href":"https:\/\/www.teatterineliapila.fi\/index.php\/wp-json\/wp\/v2\/types\/page"}],"author":[{"embeddable":true,"href":"https:\/\/www.teatterineliapila.fi\/index.php\/wp-json\/wp\/v2\/users\/1"}],"replies":[{"embeddable":true,"href":"https:\/\/www.teatterineliapila.fi\/index.php\/wp-json\/wp\/v2\/comments?post=1046"}],"version-history":[{"count":4,"href":"https:\/\/www.teatterineliapila.fi\/index.php\/wp-json\/wp\/v2\/pages\/1046\/revisions"}],"predecessor-version":[{"id":1079,"href":"https:\/\/www.teatterineliapila.fi\/index.php\/wp-json\/wp\/v2\/pages\/1046\/revisions\/1079"}],"wp:attachment":[{"href":"https:\/\/www.teatterineliapila.fi\/index.php\/wp-json\/wp\/v2\/media?parent=1046"}],"curies":[{"name":"wp","href":"https:\/\/api.w.org\/{rel}","templated":true}]}}